{"id":1397,"date":"2018-11-17T14:39:48","date_gmt":"2018-11-17T14:39:48","guid":{"rendered":"http:\/\/eduganda.org\/?page_id=1397"},"modified":"2018-11-17T14:51:50","modified_gmt":"2018-11-17T14:51:50","slug":"historia","status":"publish","type":"page","link":"https:\/\/eduganda.org\/index.php\/historia\/","title":{"rendered":"Historia"},"content":{"rendered":"<p>Fundacja EDUganda jest pok\u0142osiem \u015awiatowych Dni M\u0142odzie\u017cy w 2016 roku.<\/p>\n<p>Ma\u0142gorzata Wildner (za\u0142o\u017cycielka Fundacji) i jej rodzina go\u015bcili u siebie w domu ksi\u0119dza Waltera &#8230; i diakona &#8230;. z Ugandy. Z wielu godzin rozm\u00f3w zrodzi\u0142a si\u0119 przyja\u017a\u0144 i zrozumienie dla drugiej kultury.\u00a0<\/p>\n<p>Zaproszona z rewizyt\u0105 do Ugandy Ma\u0142gorzata zobaczy\u0142a na w\u0142asne oczy problemy obecnych tam dzieci z dost\u0119pem do edukacji, co poruszy\u0142o jej serce i pobudzi\u0142o do dzia\u0142ania.<\/p>\n<p>Wynikiem tego jest fundacja, kt\u00f3rej podstawowym zadaniem jest wspieranie tamtejszej m\u0142odzie\u017cy, aby da\u0107 im szans\u0119 rozwoju i wykorzystania swojego potencja\u0142u, kt\u00f3rej nie maj\u0105 najcz\u0119\u015bciej z powod\u00f3w finansowych.<\/p>\n<p>Zach\u0119camy do do\u0142\u0105czenia si\u0119 do tego wielkiego dzie\u0142a!<\/p>\n<p>\t\t\t<a href=\"#\" role=\"button\"><br \/>\n\t\t\t\t\t\tSprawd\u017a, jak mo\u017cesz pom\u00f3c<br \/>\n\t\t\t\t\t<\/a><\/p>\n<p>\u00a0<\/p>\n<blockquote>\n<p>Prawda jednak jest inna: kochani m\u0142odzi, nie przyszli\u015bmy na \u015bwiat, aby \u201ewegetowa\u0107\u201d, aby wygodnie sp\u0119dzi\u0107 \u017cycie, \u017ceby uczyni\u0107 z \u017cycia kanap\u0119, kt\u00f3ra nas u\u015bpi; przeciwnie, przyszli\u015bmy z innego powodu, aby zostawi\u0107 \u015blad. To bardzo smutne, kiedy przechodzimy przez \u017cycie nie pozostawiaj\u0105c \u015bladu. A gdy wybieramy wygod\u0119, myl\u0105c szcz\u0119\u015bcie z konsumpcj\u0105, w\u00f3wczas cena, kt\u00f3r\u0105 p\u0142acimy, jest bardzo i to bardzo wysoka: tracimy wolno\u015b\u0107.<\/p>\n<p>&#8211; Papie\u017c Franciszek &#8211;<\/p>\n<\/blockquote>\n","protected":false},"excerpt":{"rendered":"<p>Fundacja EDUganda jest pok\u0142osiem \u015awiatowych Dni M\u0142odzie\u017cy w 2016 roku. Ma\u0142gorzata Wildner (za\u0142o\u017cycielka Fundacji) i jej rodzina go\u015bcili u siebie w domu ksi\u0119dza Waltera &#8230; i diakona &#8230;. z Ugandy. &#8230;<\/p>\n","protected":false},"author":1,"featured_media":0,"parent":0,"menu_order":0,"comment_status":"closed","ping_status":"closed","template":"template-fullwidth.php","meta":[],"_links":{"self":[{"href":"https:\/\/eduganda.org\/index.php\/wp-json\/wp\/v2\/pages\/1397"}],"collection":[{"href":"https:\/\/eduganda.org\/index.php\/wp-json\/wp\/v2\/pages"}],"about":[{"href":"https:\/\/eduganda.org\/index.php\/wp-json\/wp\/v2\/types\/page"}],"author":[{"embeddable":true,"href":"https:\/\/eduganda.org\/index.php\/wp-json\/wp\/v2\/users\/1"}],"replies":[{"embeddable":true,"href":"https:\/\/eduganda.org\/index.php\/wp-json\/wp\/v2\/comments?post=1397"}],"version-history":[{"count":5,"href":"https:\/\/eduganda.org\/index.php\/wp-json\/wp\/v2\/pages\/1397\/revisions"}],"predecessor-version":[{"id":1405,"href":"https:\/\/eduganda.org\/index.php\/wp-json\/wp\/v2\/pages\/1397\/revisions\/1405"}],"wp:attachment":[{"href":"https:\/\/eduganda.org\/index.php\/wp-json\/wp\/v2\/media?parent=1397"}],"curies":[{"name":"wp","href":"https:\/\/api.w.org\/{rel}","templated":true}]}}