{"id":1424,"date":"2019-01-14T23:04:06","date_gmt":"2019-01-14T23:04:06","guid":{"rendered":"http:\/\/eduganda.org\/?page_id=1424"},"modified":"2023-05-31T20:27:04","modified_gmt":"2023-05-31T20:27:04","slug":"kontakt","status":"publish","type":"page","link":"https:\/\/eduganda.org\/index.php\/kontakt\/","title":{"rendered":"Kontakt"},"content":{"rendered":"\n<p>Do\u0142\u0105cz do nas, wesprzyj lub podziel si\u0119 swoim do\u015bwiadczeniem. <\/p>\n\n\n\n<p>A mo\u017ce masz jakie\u015b pytania? Ch\u0119tnie odpowiemy!<\/p>\n\n\n\n<p>Fundacja EDUganda<\/p>\n\n\n\n<p>ul. Sienkiewicza 47<br>41-404 Mys\u0142owice<\/p>\n\n\n\n<p> Numer konta Fundacji: 87 1020 2313 0000 3902 1095 8496 mBank<br><br><em>tel.<a href=\"tel:+48507051523\"> + 48 507 051 523<\/a><\/em><br><a href=\"mailto:kontakt@eduganda.org\">kontakt@eduganda.org<\/a><br><\/p>\n\n\n\n<p><br><\/p>\n\n\n\n<p><\/p>\n","protected":false},"excerpt":{"rendered":"<p>Do\u0142\u0105cz do nas, wesprzyj lub podziel si\u0119 swoim do\u015bwiadczeniem. A mo\u017ce masz jakie\u015b pytania? Ch\u0119tnie odpowiemy! Fundacja EDUganda ul. Sienkiewicza 4741-404 Mys\u0142owice Numer konta Fundacji: 87 1020 2313 0000 3902 &#8230;<\/p>\n","protected":false},"author":1,"featured_media":0,"parent":0,"menu_order":0,"comment_status":"closed","ping_status":"closed","template":"template-fullwidth.php","meta":[],"_links":{"self":[{"href":"https:\/\/eduganda.org\/index.php\/wp-json\/wp\/v2\/pages\/1424"}],"collection":[{"href":"https:\/\/eduganda.org\/index.php\/wp-json\/wp\/v2\/pages"}],"about":[{"href":"https:\/\/eduganda.org\/index.php\/wp-json\/wp\/v2\/types\/page"}],"author":[{"embeddable":true,"href":"https:\/\/eduganda.org\/index.php\/wp-json\/wp\/v2\/users\/1"}],"replies":[{"embeddable":true,"href":"https:\/\/eduganda.org\/index.php\/wp-json\/wp\/v2\/comments?post=1424"}],"version-history":[{"count":4,"href":"https:\/\/eduganda.org\/index.php\/wp-json\/wp\/v2\/pages\/1424\/revisions"}],"predecessor-version":[{"id":1459,"href":"https:\/\/eduganda.org\/index.php\/wp-json\/wp\/v2\/pages\/1424\/revisions\/1459"}],"wp:attachment":[{"href":"https:\/\/eduganda.org\/index.php\/wp-json\/wp\/v2\/media?parent=1424"}],"curies":[{"name":"wp","href":"https:\/\/api.w.org\/{rel}","templated":true}]}}